{"id":46,"date":"2023-03-14T12:05:55","date_gmt":"2023-03-14T11:05:55","guid":{"rendered":"http:\/\/odqukur.cluster027.hosting.ovh.net\/?page_id=46"},"modified":"2023-03-25T13:25:53","modified_gmt":"2023-03-25T12:25:53","slug":"descripcion","status":"publish","type":"page","link":"https:\/\/elcorralderiofrio.com\/index.php\/descripcion\/","title":{"rendered":"DESCRIPCI\u00d3N"},"content":{"rendered":"\n<p>Casa rural de 8 plazas, con posibilidad de a\u00f1adir 2 camas supletorias (18\u20ac cama supletoria\/noche).<\/p>\n\n\n\n<p>Est\u00e1 situada en Escalonilla, un anejo de Riofr\u00edo (pueblo situado a 17 kms. de \u00c1vila).<\/p>\n\n\n\n<p>El emplazamiento privilegiado de la casa rural hace que se pueda disfrutar de tranquilidad durante tu estancia, ya que desde la terraza podr\u00e1s relajarte disfrutando de las maravillosas vistas de la monta\u00f1a mientras escuchas el susurro del r\u00edo, que se encuentra a escasos metros de la casa.<\/p>\n\n\n\n<p>La casa consta de 2 plantas que se distribuyen de la siguiente manera:<\/p>\n\n\n\n<p>Primera planta: Gran sal\u00f3n comedor con chimenea, cocina totalmente equipada, aseo y estupenda terraza.<\/p>\n\n\n\n<p>Segunda planta: 4 habitaciones dobles (1 de ellas con cama de matrimonio de 1,50m.), con colchones de viscoel\u00e1stica, cada una con su ba\u00f1o completo en el interior.<\/p>\n\n\n\n<p>Frente a la casa rural, a escasos metros se encuentra el patio donde podr\u00e1s disfrutar de una estupenda comida hecha en la barbacoa.<\/p>\n\n\n\n<p>Dispone de todo el menaje necesario para tu estancia (s\u00e1banas, mantas, toallas).<\/p>\n\n\n\n<p>Adem\u00e1s dispone de wifi.<\/p>\n","protected":false},"excerpt":{"rendered":"<p>Casa rural de 8 plazas, con posibilidad de a\u00f1adir 2 camas supletorias (18\u20ac cama supletoria\/noche). Est\u00e1 situada en Escalonilla, un anejo de Riofr\u00edo (pueblo situado a 17 kms. de \u00c1vila). El emplazamiento privilegiado de la casa rural hace que se&#8230; <\/p>\n<div class=\"readmore-section\"><a href=\"https:\/\/elcorralderiofrio.com\/index.php\/descripcion\/\"><input type=\"submit\" name=\"submit\" value=\"Seguir leyendo&#8230;\" class=\"readmore-btn\" ><\/a><\/div>\n","protected":false},"author":1,"featured_media":0,"parent":0,"menu_order":0,"comment_status":"closed","ping_status":"closed","template":"","meta":{"footnotes":""},"class_list":["post-46","page","type-page","status-publish","hentry"],"_links":{"self":[{"href":"https:\/\/elcorralderiofrio.com\/index.php\/wp-json\/wp\/v2\/pages\/46","targetHints":{"allow":["GET"]}}],"collection":[{"href":"https:\/\/elcorralderiofrio.com\/index.php\/wp-json\/wp\/v2\/pages"}],"about":[{"href":"https:\/\/elcorralderiofrio.com\/index.php\/wp-json\/wp\/v2\/types\/page"}],"author":[{"embeddable":true,"href":"https:\/\/elcorralderiofrio.com\/index.php\/wp-json\/wp\/v2\/users\/1"}],"replies":[{"embeddable":true,"href":"https:\/\/elcorralderiofrio.com\/index.php\/wp-json\/wp\/v2\/comments?post=46"}],"version-history":[{"count":4,"href":"https:\/\/elcorralderiofrio.com\/index.php\/wp-json\/wp\/v2\/pages\/46\/revisions"}],"predecessor-version":[{"id":114,"href":"https:\/\/elcorralderiofrio.com\/index.php\/wp-json\/wp\/v2\/pages\/46\/revisions\/114"}],"wp:attachment":[{"href":"https:\/\/elcorralderiofrio.com\/index.php\/wp-json\/wp\/v2\/media?parent=46"}],"curies":[{"name":"wp","href":"https:\/\/api.w.org\/{rel}","templated":true}]}}