{"id":79,"date":"2023-03-14T13:08:20","date_gmt":"2023-03-14T12:08:20","guid":{"rendered":"http:\/\/odqukur.cluster027.hosting.ovh.net\/?page_id=79"},"modified":"2025-11-15T10:46:09","modified_gmt":"2025-11-15T09:46:09","slug":"normas","status":"publish","type":"page","link":"https:\/\/elcorralderiofrio.com\/index.php\/normas\/","title":{"rendered":"NORMAS"},"content":{"rendered":"\n<p>RESERVAS<\/p>\n\n\n\n<ul class=\"wp-block-list\">\n<li>No se permite la entrada de animales de compa\u00f1\u00eda<\/li>\n\n\n\n<li>No se permitir\u00e1 la entrada de m\u00e1s personas que las plazas autorizadas<\/li>\n\n\n\n<li>Los ni\u00f1os menores de 2 a\u00f1os pueden llevar su cuna de viaje o solicitar una cuna disponible en la casa rural (previo aviso a su llegada)<\/li>\n\n\n\n<li>Los ni\u00f1os de m\u00e1s de 2 a\u00f1os son considerados como plaza<\/li>\n\n\n\n<li>Al efectuar la reserva se deber\u00e1 abonar un 20% del precio total en concepto de anticipo. El resto del pago deber\u00e1 abonarse a la entrega de llaves<\/li>\n\n\n\n<li>Es de obligado cumplimiento por parte de los clientes facilitar los datos personales de las personas mayores de 16 a\u00f1os para rellenar los partes de viajeros <\/li>\n\n\n\n<li>No est\u00e1 permitido cocinar en la chimenea, para eso tienen a su disposici\u00f3n el patio con la barbacoaa<\/li>\n<\/ul>\n\n\n\n<p>GASTOS DE CANCELACI\u00d3N<\/p>\n\n\n\n<ul class=\"wp-block-list\">\n<li>Si anula la reserva antes de los 15 d\u00edas de la entrada en la casa se devolver\u00e1 el total del anticipo<\/li>\n\n\n\n<li>Si anula entre los d\u00edas 14 o menos de la entrada en la casa se retendr\u00e1 el 20% del precio final (el total del anticipo)<\/li>\n<\/ul>\n\n\n\n<p>TARIFAS<\/p>\n\n\n\n<ul class=\"wp-block-list\">\n<li>La cama supletoria tiene un coste de 18\u20ac noche\/cama (debe solicitarlo unos d\u00edas antes de su llegada). Disponemos de 2 camas supletorias<\/li>\n\n\n\n<li>La cuna ser\u00e1 gratuita. Debe solicitarlo unos d\u00edas antes de su llegada a la casa<\/li>\n<\/ul>\n\n\n\n<p>HORARIO DE ENTRADA Y SALIDA<\/p>\n\n\n\n<ul class=\"wp-block-list\">\n<li>La entrada se producir\u00e1 a partir de las 16:30 y la salida antes de las 12:00<\/li>\n<\/ul>\n\n\n\n<p><\/p>\n\n\n\n<p><\/p>\n","protected":false},"excerpt":{"rendered":"<p>RESERVAS GASTOS DE CANCELACI\u00d3N TARIFAS HORARIO DE ENTRADA Y SALIDA<\/p>\n","protected":false},"author":1,"featured_media":0,"parent":0,"menu_order":0,"comment_status":"closed","ping_status":"closed","template":"","meta":{"footnotes":""},"class_list":["post-79","page","type-page","status-publish","hentry"],"_links":{"self":[{"href":"https:\/\/elcorralderiofrio.com\/index.php\/wp-json\/wp\/v2\/pages\/79","targetHints":{"allow":["GET"]}}],"collection":[{"href":"https:\/\/elcorralderiofrio.com\/index.php\/wp-json\/wp\/v2\/pages"}],"about":[{"href":"https:\/\/elcorralderiofrio.com\/index.php\/wp-json\/wp\/v2\/types\/page"}],"author":[{"embeddable":true,"href":"https:\/\/elcorralderiofrio.com\/index.php\/wp-json\/wp\/v2\/users\/1"}],"replies":[{"embeddable":true,"href":"https:\/\/elcorralderiofrio.com\/index.php\/wp-json\/wp\/v2\/comments?post=79"}],"version-history":[{"count":2,"href":"https:\/\/elcorralderiofrio.com\/index.php\/wp-json\/wp\/v2\/pages\/79\/revisions"}],"predecessor-version":[{"id":140,"href":"https:\/\/elcorralderiofrio.com\/index.php\/wp-json\/wp\/v2\/pages\/79\/revisions\/140"}],"wp:attachment":[{"href":"https:\/\/elcorralderiofrio.com\/index.php\/wp-json\/wp\/v2\/media?parent=79"}],"curies":[{"name":"wp","href":"https:\/\/api.w.org\/{rel}","templated":true}]}}